{"id":548,"date":"2024-02-20T17:53:13","date_gmt":"2024-02-20T20:53:13","guid":{"rendered":"https:\/\/bresconsultoria.com.br\/?page_id=548"},"modified":"2024-09-13T14:33:53","modified_gmt":"2024-09-13T17:33:53","slug":"parceiros","status":"publish","type":"page","link":"https:\/\/bresconsultoria.com.br\/?page_id=548","title":{"rendered":"Parceiros"},"content":{"rendered":"<style>.elementor-548 .elementor-element.elementor-element-1031995e:not(.elementor-motion-effects-element-type-background), .elementor-548 .elementor-element.elementor-element-1031995e > .elementor-motion-effects-container > .elementor-motion-effects-layer{background-color:var( --e-global-color-d26d406 );}.elementor-548 .elementor-element.elementor-element-1031995e > .elementor-container{min-height:275px;}.elementor-548 .elementor-element.elementor-element-1031995e{transition:all 400ms;margin-top:-45px;margin-bottom:0px;padding:0px 0px 0px 0px;}.elementor-548 .elementor-element.elementor-element-1031995e > .elementor-background-overlay{transition:background 0.3s, border-radius 0.3s, opacity 0.3s;}.elementor-548 .elementor-element.elementor-element-44ef8af6:not(.elementor-motion-effects-element-type-background) > .elementor-widget-wrap, .elementor-548 .elementor-element.elementor-element-44ef8af6 > .elementor-widget-wrap > .elementor-motion-effects-container > .elementor-motion-effects-layer{background-color:var( --e-global-color-secondary );background-image:url(\"https:\/\/bresconsultoria.com.br\/wp-content\/uploads\/2024\/02\/iPrancheta-12.jpg\");background-position:center center;background-size:cover;}.elementor-548 .elementor-element.elementor-element-44ef8af6 > .elementor-element-populated >  .elementor-background-overlay{background-color:var( --e-global-color-d26d406 );opacity:0.78;}.elementor-548 .elementor-element.elementor-element-44ef8af6 > .elementor-element-populated{transition:background 0.3s, border 0.3s, border-radius 0.3s, box-shadow 0.3s;margin:0px 0px 0px 0px;--e-column-margin-right:0px;--e-column-margin-left:0px;padding:70px 0px 60px 0px;}.elementor-548 .elementor-element.elementor-element-44ef8af6 > .elementor-element-populated > .elementor-background-overlay{transition:background 0.3s, border-radius 0.3s, opacity 0.3s;}.elementor-548 .elementor-element.elementor-element-44ef8af6{transition:all 400ms;}.elementor-548 .elementor-element.elementor-element-29c77ecd{transition:all 400ms;}.elementor-548 .elementor-element.elementor-element-7c0f8946 > .elementor-element-populated{padding:0px 0px 0px 0px;}.elementor-548 .elementor-element.elementor-element-7c0f8946{transition:all 400ms;}.elementor-548 .elementor-element.elementor-element-20576fc > .elementor-widget-container{margin:0px 0px -5px 0px;}.elementor-548 .elementor-element.elementor-element-20576fc{transition:all 400ms;text-align:center;}.elementor-548 .elementor-element.elementor-element-20576fc .elementor-heading-title{font-family:var( --e-global-typography-primary-font-family ), Sans-serif;font-size:var( --e-global-typography-primary-font-size );font-weight:var( --e-global-typography-primary-font-weight );line-height:var( --e-global-typography-primary-line-height );color:var( --e-global-color-text );}.elementor-548 .elementor-element.elementor-element-6237ab2d:not(.elementor-motion-effects-element-type-background), .elementor-548 .elementor-element.elementor-element-6237ab2d > .elementor-motion-effects-container > .elementor-motion-effects-layer{background-color:var( --e-global-color-d26d406 );}.elementor-548 .elementor-element.elementor-element-6237ab2d > .elementor-container{max-width:1175px;}.elementor-548 .elementor-element.elementor-element-6237ab2d{transition:all 400ms;padding:100px 0px 0px 0px;}.elementor-548 .elementor-element.elementor-element-6237ab2d > .elementor-background-overlay{transition:background 0.3s, border-radius 0.3s, opacity 0.3s;}.elementor-548 .elementor-element.elementor-element-75f0998c > .elementor-element-populated{padding:0px 0px 0px 0px;}.elementor-548 .elementor-element.elementor-element-75f0998c{transition:all 400ms;}.elementor-548 .elementor-element.elementor-element-adcdf > .elementor-widget-container{margin:-70px 250px 50px 250px;}.elementor-548 .elementor-element.elementor-element-adcdf{transition:all 400ms;text-align:center;color:var( --e-global-color-text );font-family:var( --e-global-typography-text-font-family ), Sans-serif;font-size:var( --e-global-typography-text-font-size );font-weight:var( --e-global-typography-text-font-weight );line-height:var( --e-global-typography-text-line-height );}.elementor-548 .elementor-element.elementor-element-eabe877{--display:flex;--flex-direction:row;--container-widget-width:initial;--container-widget-height:100%;--container-widget-flex-grow:1;--container-widget-align-self:stretch;--flex-wrap-mobile:wrap;--justify-content:center;--gap:2px 3px;--row-gap:2px;--column-gap:3px;}.elementor-548 .elementor-element.elementor-element-eabe877:not(.elementor-motion-effects-element-type-background), .elementor-548 .elementor-element.elementor-element-eabe877 > .elementor-motion-effects-container > .elementor-motion-effects-layer{background-color:#FFFFFF00;}.elementor-548 .elementor-element.elementor-element-c835a57{--display:flex;--flex-direction:column;--container-widget-width:100%;--container-widget-height:initial;--container-widget-flex-grow:0;--container-widget-align-self:initial;--flex-wrap-mobile:wrap;--justify-content:center;--padding-top:60px;--padding-bottom:60px;--padding-left:60px;--padding-right:60px;}.elementor-548 .elementor-element.elementor-element-c835a57:not(.elementor-motion-effects-element-type-background), .elementor-548 .elementor-element.elementor-element-c835a57 > .elementor-motion-effects-container > .elementor-motion-effects-layer{background-color:#FFFFFF;}.elementor-548 .elementor-element.elementor-element-94d0270{transition:all 400ms;}.elementor-548 .elementor-element.elementor-element-2d0fe41{--display:flex;--flex-direction:column;--container-widget-width:100%;--container-widget-height:initial;--container-widget-flex-grow:0;--container-widget-align-self:initial;--flex-wrap-mobile:wrap;--justify-content:center;--padding-top:60px;--padding-bottom:60px;--padding-left:60px;--padding-right:60px;}.elementor-548 .elementor-element.elementor-element-2d0fe41:not(.elementor-motion-effects-element-type-background), .elementor-548 .elementor-element.elementor-element-2d0fe41 > .elementor-motion-effects-container > .elementor-motion-effects-layer{background-color:#FFFFFF;}.elementor-548 .elementor-element.elementor-element-9cd968b.elementor-element{--align-self:center;}.elementor-548 .elementor-element.elementor-element-9cd968b{transition:all 400ms;}.elementor-548 .elementor-element.elementor-element-d0ff646{--display:flex;--flex-direction:column;--container-widget-width:100%;--container-widget-height:initial;--container-widget-flex-grow:0;--container-widget-align-self:initial;--flex-wrap-mobile:wrap;--justify-content:center;--padding-top:60px;--padding-bottom:60px;--padding-left:60px;--padding-right:60px;}.elementor-548 .elementor-element.elementor-element-d0ff646:not(.elementor-motion-effects-element-type-background), .elementor-548 .elementor-element.elementor-element-d0ff646 > .elementor-motion-effects-container > .elementor-motion-effects-layer{background-color:#FFFFFF;}.elementor-548 .elementor-element.elementor-element-6a8a40f{transition:all 400ms;}.elementor-548 .elementor-element.elementor-element-80555ff{--display:flex;--flex-direction:row;--container-widget-width:initial;--container-widget-height:100%;--container-widget-flex-grow:1;--container-widget-align-self:stretch;--flex-wrap-mobile:wrap;--justify-content:center;--gap:2px 3px;--row-gap:2px;--column-gap:3px;}.elementor-548 .elementor-element.elementor-element-80555ff:not(.elementor-motion-effects-element-type-background), .elementor-548 .elementor-element.elementor-element-80555ff > .elementor-motion-effects-container > .elementor-motion-effects-layer{background-color:#FFFFFF00;}.elementor-548 .elementor-element.elementor-element-fd74a20{--display:flex;--flex-direction:column;--container-widget-width:100%;--container-widget-height:initial;--container-widget-flex-grow:0;--container-widget-align-self:initial;--flex-wrap-mobile:wrap;--justify-content:center;--padding-top:60px;--padding-bottom:60px;--padding-left:60px;--padding-right:60px;}.elementor-548 .elementor-element.elementor-element-fd74a20:not(.elementor-motion-effects-element-type-background), .elementor-548 .elementor-element.elementor-element-fd74a20 > .elementor-motion-effects-container > .elementor-motion-effects-layer{background-color:#FFFFFF;}.elementor-548 .elementor-element.elementor-element-c904649{transition:all 400ms;}.elementor-548 .elementor-element.elementor-element-38ce9b8{--display:flex;--flex-direction:column;--container-widget-width:100%;--container-widget-height:initial;--container-widget-flex-grow:0;--container-widget-align-self:initial;--flex-wrap-mobile:wrap;--justify-content:center;--gap:20px 20px;--row-gap:20px;--column-gap:20px;--padding-top:60px;--padding-bottom:60px;--padding-left:10px;--padding-right:10px;}.elementor-548 .elementor-element.elementor-element-38ce9b8:not(.elementor-motion-effects-element-type-background), .elementor-548 .elementor-element.elementor-element-38ce9b8 > .elementor-motion-effects-container > .elementor-motion-effects-layer{background-color:#FFFFFF;}.elementor-548 .elementor-element.elementor-element-a9d18b0{transition:all 400ms;}.elementor-548 .elementor-element.elementor-element-241444a{--display:flex;}.elementor-548 .elementor-element.elementor-element-df42c0a > .elementor-widget-container{margin:40px 0px 0px 0px;}.elementor-548 .elementor-element.elementor-element-df42c0a{transition:all 400ms;text-align:center;}.elementor-548 .elementor-element.elementor-element-df42c0a .elementor-heading-title{font-family:\"Lexend\", Sans-serif;font-size:20px;font-weight:200;line-height:1.5em;}.elementor-548 .elementor-element.elementor-global-556 .ekit-btn-wraper .elementskit-btn{justify-content:center;}.elementor-548 .elementor-element.elementor-global-556 .elementskit-btn{background-color:var( --e-global-color-bd77626 );font-family:var( --e-global-typography-accent-font-family ), Sans-serif;font-size:var( --e-global-typography-accent-font-size );font-weight:var( --e-global-typography-accent-font-weight );text-transform:var( --e-global-typography-accent-text-transform );line-height:var( --e-global-typography-accent-line-height );color:var( --e-global-color-161083d );fill:var( --e-global-color-161083d );border-style:none;border-radius:0px 0px 0px 0px;}.elementor-548 .elementor-element.elementor-global-556 .elementskit-btn:hover{background-color:var( --e-global-color-161083d );color:#ffffff;fill:#ffffff;}.elementor-548 .elementor-element.elementor-global-556 > .elementor-widget-container{margin:0px 0px 80px 0px;}.elementor-548 .elementor-element.elementor-global-556{transition:all 400ms;}.elementor-548 .elementor-element.elementor-global-556 .elementskit-btn > :is(i, svg){font-size:14px;}.elementor-548 .elementor-element.elementor-global-556 .elementskit-btn > i, .elementor-548 .elementor-element.elementor-global-556 .elementskit-btn > svg{margin-right:5px;}.rtl .elementor-548 .elementor-element.elementor-global-556 .elementskit-btn > i, .rtl .elementor-548 .elementor-element.elementor-global-556 .elementskit-btn > svg{margin-left:5px;margin-right:0;}:root{--page-title-display:none;}@media(min-width:768px){.elementor-548 .elementor-element.elementor-element-c835a57{--width:25%;}.elementor-548 .elementor-element.elementor-element-2d0fe41{--width:25%;}.elementor-548 .elementor-element.elementor-element-d0ff646{--width:25%;}.elementor-548 .elementor-element.elementor-element-fd74a20{--width:25%;}.elementor-548 .elementor-element.elementor-element-38ce9b8{--width:25%;}}@media(max-width:1024px){.elementor-548 .elementor-element.elementor-element-44ef8af6 > .elementor-element-populated{padding:100px 50px 100px 50px;}.elementor-548 .elementor-element.elementor-element-20576fc > .elementor-widget-container{margin:0px 0px -5px 0px;}.elementor-548 .elementor-element.elementor-element-20576fc .elementor-heading-title{font-size:var( --e-global-typography-primary-font-size );line-height:var( --e-global-typography-primary-line-height );}.elementor-548 .elementor-element.elementor-element-6237ab2d{padding:70px 30px 0px 30px;}.elementor-548 .elementor-element.elementor-element-adcdf > .elementor-widget-container{margin:0px 50px 50px 50px;}.elementor-548 .elementor-element.elementor-element-adcdf{font-size:var( --e-global-typography-text-font-size );line-height:var( --e-global-typography-text-line-height );}.elementor-548 .elementor-element.elementor-element-df42c0a .elementor-heading-title{font-size:19px;}.elementor-548 .elementor-element.elementor-global-556 .elementskit-btn{font-size:var( --e-global-typography-accent-font-size );line-height:var( --e-global-typography-accent-line-height );}}@media(max-width:767px){.elementor-548 .elementor-element.elementor-element-1031995e > .elementor-container{min-height:12px;}.elementor-548 .elementor-element.elementor-element-1031995e{padding:0px 0px 0px 0px;}.elementor-548 .elementor-element.elementor-element-44ef8af6 > .elementor-element-populated{padding:90px 30px 70px 30px;}.elementor-548 .elementor-element.elementor-element-20576fc > .elementor-widget-container{margin:0px 0px -10px 0px;}.elementor-548 .elementor-element.elementor-element-20576fc .elementor-heading-title{font-size:var( --e-global-typography-primary-font-size );line-height:var( --e-global-typography-primary-line-height );}.elementor-548 .elementor-element.elementor-element-6237ab2d{padding:50px 20px 0px 20px;}.elementor-548 .elementor-element.elementor-element-adcdf > .elementor-widget-container{margin:0px 0px 50px 0px;}.elementor-548 .elementor-element.elementor-element-adcdf{text-align:center;font-size:var( --e-global-typography-text-font-size );line-height:var( --e-global-typography-text-line-height );}.elementor-548 .elementor-element.elementor-element-df42c0a .elementor-heading-title{font-size:18px;}.elementor-548 .elementor-element.elementor-global-556 .elementskit-btn{font-size:var( --e-global-typography-accent-font-size );line-height:var( --e-global-typography-accent-line-height );}}<\/style>\t\t<div data-elementor-type=\"wp-page\" data-elementor-id=\"548\" class=\"elementor elementor-548\" data-elementor-post-type=\"page\">\n\t\t\t\t\t\t<section class=\"elementor-section elementor-top-section elementor-element elementor-element-1031995e elementor-section-full_width elementor-section-height-min-height elementor-section-height-default elementor-section-items-middle\" data-id=\"1031995e\" data-element_type=\"section\" data-settings=\"{&quot;background_background&quot;:&quot;classic&quot;}\">\n\t\t\t\t\t\t<div class=\"elementor-container elementor-column-gap-default\">\n\t\t\t\t\t<div class=\"elementor-column elementor-col-100 elementor-top-column elementor-element elementor-element-44ef8af6\" data-id=\"44ef8af6\" data-element_type=\"column\" data-settings=\"{&quot;background_background&quot;:&quot;classic&quot;}\">\n\t\t\t<div class=\"elementor-widget-wrap elementor-element-populated\">\n\t\t\t\t\t<div class=\"elementor-background-overlay\"><\/div>\n\t\t\t\t\t\t<section class=\"elementor-section elementor-inner-section elementor-element elementor-element-29c77ecd elementor-section-boxed elementor-section-height-default elementor-section-height-default\" data-id=\"29c77ecd\" data-element_type=\"section\">\n\t\t\t\t\t\t<div class=\"elementor-container elementor-column-gap-default\">\n\t\t\t\t\t<div class=\"elementor-column elementor-col-100 elementor-inner-column elementor-element elementor-element-7c0f8946\" data-id=\"7c0f8946\" data-element_type=\"column\">\n\t\t\t<div class=\"elementor-widget-wrap elementor-element-populated\">\n\t\t\t\t\t\t<div class=\"elementor-element elementor-element-20576fc de_scroll_animation_no elementor-invisible elementor-widget elementor-widget-heading\" data-id=\"20576fc\" data-element_type=\"widget\" data-settings=\"{&quot;_animation&quot;:&quot;fadeInUp&quot;}\" data-widget_type=\"heading.default\">\n\t\t\t\t<div class=\"elementor-widget-container\">\n\t\t\t\t\t<h1 class=\"elementor-heading-title elementor-size-default\">Parceiros<\/h1>\t\t\t\t<\/div>\n\t\t\t\t<\/div>\n\t\t\t\t\t<\/div>\n\t\t<\/div>\n\t\t\t\t\t<\/div>\n\t\t<\/section>\n\t\t\t\t\t<\/div>\n\t\t<\/div>\n\t\t\t\t\t<\/div>\n\t\t<\/section>\n\t\t\t\t<section class=\"elementor-section elementor-top-section elementor-element elementor-element-6237ab2d elementor-section-boxed elementor-section-height-default elementor-section-height-default\" data-id=\"6237ab2d\" data-element_type=\"section\" data-settings=\"{&quot;background_background&quot;:&quot;classic&quot;}\">\n\t\t\t\t\t\t<div class=\"elementor-container elementor-column-gap-default\">\n\t\t\t\t\t<div class=\"elementor-column elementor-col-100 elementor-top-column elementor-element elementor-element-75f0998c\" data-id=\"75f0998c\" data-element_type=\"column\">\n\t\t\t<div class=\"elementor-widget-wrap elementor-element-populated\">\n\t\t\t\t\t\t<div class=\"elementor-element elementor-element-adcdf de_scroll_animation_no elementor-invisible elementor-widget elementor-widget-text-editor\" data-id=\"adcdf\" data-element_type=\"widget\" data-settings=\"{&quot;_animation&quot;:&quot;fadeInUp&quot;,&quot;_animation_delay&quot;:200}\" data-widget_type=\"text-editor.default\">\n\t\t\t\t<div class=\"elementor-widget-container\">\n\t\t\t\t\t\t\t\t\t<p>Conhe\u00e7a abaixo alguns dos parceiros que fazem parte do nosso dia a dia.<\/p>\t\t\t\t\t\t\t\t<\/div>\n\t\t\t\t<\/div>\n\t\t\t\t\t<\/div>\n\t\t<\/div>\n\t\t\t\t\t<\/div>\n\t\t<\/section>\n\t\t<div class=\"elementor-element elementor-element-eabe877 e-flex e-con-boxed e-con e-parent\" data-id=\"eabe877\" data-element_type=\"container\" data-settings=\"{&quot;background_background&quot;:&quot;classic&quot;}\">\n\t\t\t\t\t<div class=\"e-con-inner\">\n\t\t<div class=\"elementor-element elementor-element-c835a57 e-con-full e-flex e-con e-child\" data-id=\"c835a57\" data-element_type=\"container\" data-settings=\"{&quot;background_background&quot;:&quot;classic&quot;}\">\n\t\t\t\t<div class=\"elementor-element elementor-element-94d0270 de_scroll_animation_no elementor-widget elementor-widget-image\" data-id=\"94d0270\" data-element_type=\"widget\" data-widget_type=\"image.default\">\n\t\t\t\t<div class=\"elementor-widget-container\">\n\t\t\t\t\t\t\t\t\t\t\t\t\t\t\t\t<a href=\"https:\/\/bresconsultoria.com.br\/?page_id=907\">\n\t\t\t\t\t\t\t<img fetchpriority=\"high\" decoding=\"async\" width=\"800\" height=\"215\" src=\"https:\/\/bresconsultoria.com.br\/wp-content\/uploads\/2024\/02\/logo-EDS-Branco.png\" class=\"elementor-animation-grow attachment-large size-large wp-image-550\" alt=\"\" srcset=\"https:\/\/bresconsultoria.com.br\/wp-content\/uploads\/2024\/02\/logo-EDS-Branco.png 1000w, https:\/\/bresconsultoria.com.br\/wp-content\/uploads\/2024\/02\/logo-EDS-Branco-300x81.png 300w, https:\/\/bresconsultoria.com.br\/wp-content\/uploads\/2024\/02\/logo-EDS-Branco-768x207.png 768w\" sizes=\"(max-width: 800px) 100vw, 800px\" \/>\t\t\t\t\t\t\t\t<\/a>\n\t\t\t\t\t\t\t\t\t\t\t\t\t\t\t<\/div>\n\t\t\t\t<\/div>\n\t\t\t\t<\/div>\n\t\t<div class=\"elementor-element elementor-element-2d0fe41 e-con-full e-flex e-con e-child\" data-id=\"2d0fe41\" data-element_type=\"container\" data-settings=\"{&quot;background_background&quot;:&quot;classic&quot;}\">\n\t\t\t\t<div class=\"elementor-element elementor-element-9cd968b de_scroll_animation_no elementor-widget elementor-widget-image\" data-id=\"9cd968b\" data-element_type=\"widget\" data-widget_type=\"image.default\">\n\t\t\t\t<div class=\"elementor-widget-container\">\n\t\t\t\t\t\t\t\t\t\t\t\t\t\t\t<img decoding=\"async\" width=\"250\" height=\"113\" src=\"https:\/\/bresconsultoria.com.br\/wp-content\/uploads\/2024\/02\/kms.png\" class=\"elementor-animation-grow attachment-large size-large wp-image-551\" alt=\"\" \/>\t\t\t\t\t\t\t\t\t\t\t\t\t\t\t<\/div>\n\t\t\t\t<\/div>\n\t\t\t\t<\/div>\n\t\t<div class=\"elementor-element elementor-element-d0ff646 e-con-full e-flex e-con e-child\" data-id=\"d0ff646\" data-element_type=\"container\" data-settings=\"{&quot;background_background&quot;:&quot;classic&quot;}\">\n\t\t\t\t<div class=\"elementor-element elementor-element-6a8a40f de_scroll_animation_no elementor-widget elementor-widget-image\" data-id=\"6a8a40f\" data-element_type=\"widget\" data-widget_type=\"image.default\">\n\t\t\t\t<div class=\"elementor-widget-container\">\n\t\t\t\t\t\t\t\t\t\t\t\t\t\t\t<img decoding=\"async\" width=\"300\" height=\"169\" src=\"https:\/\/bresconsultoria.com.br\/wp-content\/uploads\/2024\/02\/fg-empreendimentos-logo-3352BA261C-seeklogo.com_.png\" class=\"elementor-animation-grow attachment-large size-large wp-image-552\" alt=\"\" \/>\t\t\t\t\t\t\t\t\t\t\t\t\t\t\t<\/div>\n\t\t\t\t<\/div>\n\t\t\t\t<\/div>\n\t\t\t\t\t<\/div>\n\t\t\t\t<\/div>\n\t\t<div class=\"elementor-element elementor-element-80555ff e-flex e-con-boxed e-con e-parent\" data-id=\"80555ff\" data-element_type=\"container\" data-settings=\"{&quot;background_background&quot;:&quot;classic&quot;}\">\n\t\t\t\t\t<div class=\"e-con-inner\">\n\t\t<div class=\"elementor-element elementor-element-fd74a20 e-con-full e-flex e-con e-child\" data-id=\"fd74a20\" data-element_type=\"container\" data-settings=\"{&quot;background_background&quot;:&quot;classic&quot;}\">\n\t\t\t\t<div class=\"elementor-element elementor-element-c904649 de_scroll_animation_no elementor-widget elementor-widget-image\" data-id=\"c904649\" data-element_type=\"widget\" data-widget_type=\"image.default\">\n\t\t\t\t<div class=\"elementor-widget-container\">\n\t\t\t\t\t\t\t\t\t\t\t\t\t\t\t\t<a href=\"https:\/\/bresconsultoria.com.br\/?page_id=802\">\n\t\t\t\t\t\t\t<img decoding=\"async\" src=\"https:\/\/bresconsultoria.com.br\/wp-content\/uploads\/2024\/06\/LOGO-ELITE_V5_TONOCORP.3.png\" title=\"\" alt=\"\" class=\"elementor-animation-grow\" loading=\"lazy\" \/>\t\t\t\t\t\t\t\t<\/a>\n\t\t\t\t\t\t\t\t\t\t\t\t\t\t\t<\/div>\n\t\t\t\t<\/div>\n\t\t\t\t<\/div>\n\t\t<div class=\"elementor-element elementor-element-38ce9b8 e-con-full e-flex e-con e-child\" data-id=\"38ce9b8\" data-element_type=\"container\" data-settings=\"{&quot;background_background&quot;:&quot;classic&quot;}\">\n\t\t\t\t<div class=\"elementor-element elementor-element-a9d18b0 de_scroll_animation_no elementor-widget elementor-widget-image\" data-id=\"a9d18b0\" data-element_type=\"widget\" data-widget_type=\"image.default\">\n\t\t\t\t<div class=\"elementor-widget-container\">\n\t\t\t\t\t\t\t\t\t\t\t\t\t\t\t\t<a href=\"https:\/\/bresconsultoria.com.br\/?page_id=813\">\n\t\t\t\t\t\t\t<img loading=\"lazy\" decoding=\"async\" width=\"489\" height=\"91\" src=\"https:\/\/bresconsultoria.com.br\/wp-content\/uploads\/2024\/08\/Logo-Minimalista-2.webp\" class=\"elementor-animation-grow attachment-large size-large wp-image-825\" alt=\"\" srcset=\"https:\/\/bresconsultoria.com.br\/wp-content\/uploads\/2024\/08\/Logo-Minimalista-2.webp 489w, https:\/\/bresconsultoria.com.br\/wp-content\/uploads\/2024\/08\/Logo-Minimalista-2-300x56.webp 300w\" sizes=\"(max-width: 489px) 100vw, 489px\" \/>\t\t\t\t\t\t\t\t<\/a>\n\t\t\t\t\t\t\t\t\t\t\t\t\t\t\t<\/div>\n\t\t\t\t<\/div>\n\t\t\t\t<\/div>\n\t\t\t\t\t<\/div>\n\t\t\t\t<\/div>\n\t\t<div class=\"elementor-element elementor-element-241444a e-flex e-con-boxed e-con e-parent\" data-id=\"241444a\" data-element_type=\"container\">\n\t\t\t\t\t<div class=\"e-con-inner\">\n\t\t\t\t<div class=\"elementor-element elementor-element-df42c0a de_scroll_animation_no elementor-widget elementor-widget-heading\" data-id=\"df42c0a\" data-element_type=\"widget\" data-widget_type=\"heading.default\">\n\t\t\t\t<div class=\"elementor-widget-container\">\n\t\t\t\t\t<h2 class=\"elementor-heading-title elementor-size-default\">Se voc\u00ea tamb\u00e9m quer trabalhar com a gente, entre em contato. \nSer\u00e1 um prazer, conhecer voc\u00ea.<\/h2>\t\t\t\t<\/div>\n\t\t\t\t<\/div>\n\t\t\t\t<div class=\"elementor-element elementor-element-5aea418 elementor-align-center de_scroll_animation_no elementor-widget elementor-widget-global elementor-global-556 elementor-widget-elementskit-button\" data-id=\"5aea418\" data-element_type=\"widget\" data-widget_type=\"elementskit-button.default\">\n\t\t\t\t<div class=\"elementor-widget-container\">\n\t\t\t\t\t<div class=\"ekit-wid-con\" >\t\t<div class=\"ekit-btn-wraper\">\n\t\t\t\t\t\t\t<a href=\"https:\/\/web.whatsapp.com\/send?phone=5541999655927&#038;text=%5BChat%20atrav%C3%A9s%20do%20site%5D%20Ol%C3%A1%2C%20tenho%20uma%20d%C3%BAvida%2C%20poderia%20me%20ajudar%3F\" class=\"elementskit-btn  whitespace--normal\" id=\"\">\n\t\t\t\t\tFale com a BRES\t\t\t\t<\/a>\n\t\t\t\t\t<\/div>\n        <\/div>\t\t\t\t<\/div>\n\t\t\t\t<\/div>\n\t\t\t\t\t<\/div>\n\t\t\t\t<\/div>\n\t\t\t\t<\/div>\n\t\t","protected":false},"excerpt":{"rendered":"<p>Parceiros Conhe\u00e7a abaixo alguns dos parceiros que fazem parte do nosso dia a dia. Se voc\u00ea tamb\u00e9m quer trabalhar com a gente, entre em contato. Ser\u00e1 um prazer, conhecer voc\u00ea. Fale com a BRES<\/p>\n","protected":false},"author":1,"featured_media":0,"parent":0,"menu_order":0,"comment_status":"closed","ping_status":"closed","template":"","meta":{"footnotes":""},"aioseo_notices":[],"_links":{"self":[{"href":"https:\/\/bresconsultoria.com.br\/index.php?rest_route=\/wp\/v2\/pages\/548"}],"collection":[{"href":"https:\/\/bresconsultoria.com.br\/index.php?rest_route=\/wp\/v2\/pages"}],"about":[{"href":"https:\/\/bresconsultoria.com.br\/index.php?rest_route=\/wp\/v2\/types\/page"}],"author":[{"embeddable":true,"href":"https:\/\/bresconsultoria.com.br\/index.php?rest_route=\/wp\/v2\/users\/1"}],"replies":[{"embeddable":true,"href":"https:\/\/bresconsultoria.com.br\/index.php?rest_route=%2Fwp%2Fv2%2Fcomments&post=548"}],"version-history":[{"count":30,"href":"https:\/\/bresconsultoria.com.br\/index.php?rest_route=\/wp\/v2\/pages\/548\/revisions"}],"predecessor-version":[{"id":916,"href":"https:\/\/bresconsultoria.com.br\/index.php?rest_route=\/wp\/v2\/pages\/548\/revisions\/916"}],"wp:attachment":[{"href":"https:\/\/bresconsultoria.com.br\/index.php?rest_route=%2Fwp%2Fv2%2Fmedia&parent=548"}],"curies":[{"name":"wp","href":"https:\/\/api.w.org\/{rel}","templated":true}]}}