{"id":813,"date":"2024-08-23T10:51:14","date_gmt":"2024-08-23T13:51:14","guid":{"rendered":"https:\/\/bresconsultoria.com.br\/?page_id=813"},"modified":"2024-08-23T11:31:02","modified_gmt":"2024-08-23T14:31:02","slug":"interesse-em-visitar-site-parceiro-bruna-carmezim","status":"publish","type":"page","link":"https:\/\/bresconsultoria.com.br\/?page_id=813","title":{"rendered":"Interesse em visitar site parceiro Bruna Carmezim"},"content":{"rendered":"<style>.elementor-813 .elementor-element.elementor-element-7bae09bd:not(.elementor-motion-effects-element-type-background), .elementor-813 .elementor-element.elementor-element-7bae09bd > .elementor-motion-effects-container > .elementor-motion-effects-layer{background-color:var( --e-global-color-primary );}.elementor-813 .elementor-element.elementor-element-7bae09bd > .elementor-background-overlay{background-image:url(\"https:\/\/bresconsultoria.com.br\/wp-content\/uploads\/2024\/02\/banner2-scaled-1.jpg\");background-position:top center;background-repeat:no-repeat;background-size:cover;opacity:0.21;transition:background 0.3s, border-radius 0.3s, opacity 0.3s;}.elementor-813 .elementor-element.elementor-element-7bae09bd > .elementor-container{max-width:700px;min-height:572px;}.elementor-813 .elementor-element.elementor-element-7bae09bd{transition:all 400ms;padding:60px 0px 200px 0px;}.elementor-813 .elementor-element.elementor-element-63e284c5{transition:all 400ms;}.elementor-813 .elementor-element.elementor-element-f7a34ce{transition:all 400ms;text-align:center;}.elementor-813 .elementor-element.elementor-element-f7a34ce .elementor-heading-title{text-shadow:0px 0px 0px rgba(0,0,0,0.3);color:var( --e-global-color-text );}.elementor-813 .elementor-element.elementor-element-720907d0{transition:all 400ms;text-align:center;}.elementor-813 .elementor-element.elementor-element-720907d0 .elementor-heading-title{font-family:var( --e-global-typography-765f807-font-family ), Sans-serif;font-size:var( --e-global-typography-765f807-font-size );font-weight:var( --e-global-typography-765f807-font-weight );line-height:var( --e-global-typography-765f807-line-height );color:var( --e-global-color-text );}.elementor-813 .elementor-element.elementor-element-7319b70b:not(.elementor-motion-effects-element-type-background), .elementor-813 .elementor-element.elementor-element-7319b70b > .elementor-motion-effects-container > .elementor-motion-effects-layer{background-color:var( --e-global-color-d26d406 );}.elementor-813 .elementor-element.elementor-element-7319b70b, .elementor-813 .elementor-element.elementor-element-7319b70b > .elementor-background-overlay{border-radius:10px 10px 10px 10px;}.elementor-813 .elementor-element.elementor-element-7319b70b{transition:all 400ms;margin-top:0px;margin-bottom:-100px;padding:50px 50px 50px 50px;}.elementor-813 .elementor-element.elementor-element-7319b70b > .elementor-background-overlay{transition:background 0.3s, border-radius 0.3s, opacity 0.3s;}.elementor-813 .elementor-element.elementor-element-1ffce968{transition:all 400ms;}.elementor-813 .elementor-element.elementor-element-56f38dd2{transition:all 400ms;--e-form-steps-indicators-spacing:20px;--e-form-steps-indicator-padding:30px;--e-form-steps-indicator-inactive-secondary-color:#ffffff;--e-form-steps-indicator-active-secondary-color:#ffffff;--e-form-steps-indicator-completed-secondary-color:#ffffff;--e-form-steps-divider-width:1px;--e-form-steps-divider-gap:10px;}.elementor-813 .elementor-element.elementor-element-56f38dd2 .elementor-field-group{padding-right:calc( 10px\/2 );padding-left:calc( 10px\/2 );margin-bottom:15px;}.elementor-813 .elementor-element.elementor-element-56f38dd2 .elementor-form-fields-wrapper{margin-left:calc( -10px\/2 );margin-right:calc( -10px\/2 );margin-bottom:-15px;}.elementor-813 .elementor-element.elementor-element-56f38dd2 .elementor-field-group.recaptcha_v3-bottomleft, .elementor-813 .elementor-element.elementor-element-56f38dd2 .elementor-field-group.recaptcha_v3-bottomright{margin-bottom:0;}body.rtl .elementor-813 .elementor-element.elementor-element-56f38dd2 .elementor-labels-inline .elementor-field-group > label{padding-left:0px;}body:not(.rtl) .elementor-813 .elementor-element.elementor-element-56f38dd2 .elementor-labels-inline .elementor-field-group > label{padding-right:0px;}body .elementor-813 .elementor-element.elementor-element-56f38dd2 .elementor-labels-above .elementor-field-group > label{padding-bottom:0px;}.elementor-813 .elementor-element.elementor-element-56f38dd2 .elementor-field-group > label, .elementor-813 .elementor-element.elementor-element-56f38dd2 .elementor-field-subgroup label{color:var( --e-global-color-text );}.elementor-813 .elementor-element.elementor-element-56f38dd2 .elementor-field-type-html{padding-bottom:0px;}.elementor-813 .elementor-element.elementor-element-56f38dd2 .elementor-field-group .elementor-field{color:#000000;}.elementor-813 .elementor-element.elementor-element-56f38dd2 .elementor-field-group .elementor-field, .elementor-813 .elementor-element.elementor-element-56f38dd2 .elementor-field-subgroup label{font-family:\"Lato\", Sans-serif;}.elementor-813 .elementor-element.elementor-element-56f38dd2 .elementor-field-group:not(.elementor-field-type-upload) .elementor-field:not(.elementor-select-wrapper){background-color:#ffffff;border-color:#eeeeee;}.elementor-813 .elementor-element.elementor-element-56f38dd2 .elementor-field-group .elementor-select-wrapper select{background-color:#ffffff;border-color:#eeeeee;}.elementor-813 .elementor-element.elementor-element-56f38dd2 .elementor-field-group .elementor-select-wrapper::before{color:#eeeeee;}.elementor-813 .elementor-element.elementor-element-56f38dd2 .elementor-button{font-size:14px;font-weight:700;text-transform:uppercase;line-height:18px;padding:16px 50px 16px 50px;}.elementor-813 .elementor-element.elementor-element-56f38dd2 .e-form__buttons__wrapper__button-next{background-color:var( --e-global-color-accent );color:var( --e-global-color-primary );}.elementor-813 .elementor-element.elementor-element-56f38dd2 .elementor-button[type=\"submit\"]{background-color:var( --e-global-color-accent );color:var( --e-global-color-primary );}.elementor-813 .elementor-element.elementor-element-56f38dd2 .elementor-button[type=\"submit\"] svg *{fill:var( --e-global-color-primary );}.elementor-813 .elementor-element.elementor-element-56f38dd2 .e-form__buttons__wrapper__button-previous{color:#ffffff;}.elementor-813 .elementor-element.elementor-element-56f38dd2 .e-form__buttons__wrapper__button-next:hover{background-color:var( --e-global-color-secondary );color:var( --e-global-color-d26d406 );}.elementor-813 .elementor-element.elementor-element-56f38dd2 .elementor-button[type=\"submit\"]:hover{background-color:var( --e-global-color-secondary );color:var( --e-global-color-d26d406 );}.elementor-813 .elementor-element.elementor-element-56f38dd2 .elementor-button[type=\"submit\"]:hover svg *{fill:var( --e-global-color-d26d406 );}.elementor-813 .elementor-element.elementor-element-56f38dd2 .e-form__buttons__wrapper__button-previous:hover{color:#ffffff;}.elementor-813 .elementor-element.elementor-element-e7ee0e2{--display:grid;--e-con-grid-template-columns:repeat(1, 1fr);--e-con-grid-template-rows:repeat(2, 1fr);--grid-auto-flow:row;}.elementor-813 .elementor-element.elementor-element-7bb71b5 > .elementor-widget-container{margin:30px 0px 0px 0px;}.elementor-813 .elementor-element.elementor-element-7bb71b5{transition:all 400ms;text-align:center;}.elementor-813 .elementor-element.elementor-element-b0568ac{--display:grid;--e-con-grid-template-columns:repeat(1, 1fr);--e-con-grid-template-rows:repeat(2, 1fr);--grid-auto-flow:row;}.elementor-813 .elementor-element.elementor-element-2df820e{--e-image-carousel-slides-to-show:1;width:100%;max-width:100%;transition:all 400ms;}.elementor-813 .elementor-element.elementor-element-2df820e > .elementor-widget-container{margin:0px 0px 0px 0px;padding:0px 0px 0px 0px;}.elementor-813 .elementor-element.elementor-element-2df820e.elementor-element{--align-self:flex-start;}:root{--page-title-display:none;}@media(max-width:1024px){.elementor-813 .elementor-element.elementor-element-720907d0 .elementor-heading-title{font-size:var( --e-global-typography-765f807-font-size );line-height:var( --e-global-typography-765f807-line-height );}.elementor-813 .elementor-element.elementor-element-e7ee0e2{--grid-auto-flow:row;}.elementor-813 .elementor-element.elementor-element-b0568ac{--grid-auto-flow:row;}}@media(max-width:767px){.elementor-813 .elementor-element.elementor-element-7bae09bd{padding:60px 20px 128px 20px;}.elementor-813 .elementor-element.elementor-element-720907d0 .elementor-heading-title{font-size:var( --e-global-typography-765f807-font-size );line-height:var( --e-global-typography-765f807-line-height );}.elementor-813 .elementor-element.elementor-element-7319b70b{padding:15px 15px 15px 15px;}.elementor-813 .elementor-element.elementor-element-1ffce968{width:100%;}.elementor-813 .elementor-element.elementor-element-e7ee0e2{--e-con-grid-template-columns:repeat(1, 1fr);--e-con-grid-template-rows:repeat(2, 1fr);--grid-auto-flow:row;}.elementor-813 .elementor-element.elementor-element-b0568ac{--e-con-grid-template-columns:repeat(1, 1fr);--e-con-grid-template-rows:repeat(2, 1fr);--grid-auto-flow:row;}}<\/style>\t\t<div data-elementor-type=\"wp-page\" data-elementor-id=\"813\" class=\"elementor elementor-813\" data-elementor-post-type=\"page\">\n\t\t\t\t\t\t<section class=\"elementor-section elementor-top-section elementor-element elementor-element-7bae09bd elementor-section-height-min-height elementor-section-boxed elementor-section-height-default elementor-section-items-middle\" data-id=\"7bae09bd\" data-element_type=\"section\" data-settings=\"{&quot;background_background&quot;:&quot;classic&quot;}\">\n\t\t\t\t\t\t\t<div class=\"elementor-background-overlay\"><\/div>\n\t\t\t\t\t\t\t<div class=\"elementor-container elementor-column-gap-default\">\n\t\t\t\t\t<div class=\"elementor-column elementor-col-100 elementor-top-column elementor-element elementor-element-63e284c5\" data-id=\"63e284c5\" data-element_type=\"column\">\n\t\t\t<div class=\"elementor-widget-wrap elementor-element-populated\">\n\t\t\t\t\t\t<div class=\"elementor-element elementor-element-f7a34ce de_scroll_animation_no elementor-widget elementor-widget-heading\" data-id=\"f7a34ce\" data-element_type=\"widget\" data-widget_type=\"heading.default\">\n\t\t\t\t<div class=\"elementor-widget-container\">\n\t\t\t\t\t<h2 class=\"elementor-heading-title elementor-size-default\">Indica\u00e7\u00e3o de parceiro - Bruna Carmezim<\/h2>\t\t\t\t<\/div>\n\t\t\t\t<\/div>\n\t\t\t\t<div class=\"elementor-element elementor-element-720907d0 de_scroll_animation_no elementor-widget elementor-widget-heading\" data-id=\"720907d0\" data-element_type=\"widget\" data-widget_type=\"heading.default\">\n\t\t\t\t<div class=\"elementor-widget-container\">\n\t\t\t\t\t<h3 class=\"elementor-heading-title elementor-size-default\">Se desejar acessar o site de nosso parceiro. Preencha o cadastro abaixo, voc\u00ea receber\u00e1 uma indica\u00e7\u00e3o que veio pelo nosso site e parceria, sendo assim, voc\u00ea j\u00e1 receber\u00e1 mais benef\u00edcios em qualquer negocia\u00e7\u00e3o que venha a fazer.<\/h3>\t\t\t\t<\/div>\n\t\t\t\t<\/div>\n\t\t\t\t<section class=\"elementor-section elementor-inner-section elementor-element elementor-element-7319b70b elementor-section-boxed elementor-section-height-default elementor-section-height-default\" data-id=\"7319b70b\" data-element_type=\"section\" data-settings=\"{&quot;background_background&quot;:&quot;classic&quot;}\">\n\t\t\t\t\t\t<div class=\"elementor-container elementor-column-gap-default\">\n\t\t\t\t\t<div class=\"elementor-column elementor-col-100 elementor-inner-column elementor-element elementor-element-1ffce968\" data-id=\"1ffce968\" data-element_type=\"column\">\n\t\t\t<div class=\"elementor-widget-wrap elementor-element-populated\">\n\t\t\t\t\t\t<div class=\"elementor-element elementor-element-56f38dd2 elementor-button-align-stretch de_scroll_animation_no elementor-widget elementor-widget-form\" data-id=\"56f38dd2\" data-element_type=\"widget\" data-settings=\"{&quot;step_next_label&quot;:&quot;Next&quot;,&quot;step_previous_label&quot;:&quot;Previous&quot;,&quot;button_width&quot;:&quot;100&quot;,&quot;step_type&quot;:&quot;number_text&quot;,&quot;step_icon_shape&quot;:&quot;circle&quot;}\" data-widget_type=\"form.default\">\n\t\t\t\t<div class=\"elementor-widget-container\">\n\t\t\t\t\t\t\t<form class=\"elementor-form\" method=\"post\" id=\"form2\" name=\"New Form\">\n\t\t\t<input type=\"hidden\" name=\"post_id\" value=\"813\"\/>\n\t\t\t<input type=\"hidden\" name=\"form_id\" value=\"56f38dd2\"\/>\n\t\t\t<input type=\"hidden\" name=\"referer_title\" value=\"\" \/>\n\n\t\t\t\n\t\t\t<div class=\"elementor-form-fields-wrapper elementor-labels-\">\n\t\t\t\t\t\t\t\t<div class=\"elementor-field-type-text elementor-field-group elementor-column elementor-field-group-name elementor-col-100\">\n\t\t\t\t\t\t\t\t\t\t\t\t\t<input size=\"1\" type=\"text\" name=\"form_fields[name]\" id=\"form-field-name\" class=\"elementor-field elementor-size-md  elementor-field-textual\" placeholder=\"Name\">\n\t\t\t\t\t\t\t\t\t\t\t<\/div>\n\t\t\t\t\t\t\t\t<div class=\"elementor-field-type-email elementor-field-group elementor-column elementor-field-group-email elementor-col-100 elementor-field-required\">\n\t\t\t\t\t\t\t\t\t\t\t\t\t<input size=\"1\" type=\"email\" name=\"form_fields[email]\" id=\"form-field-email\" class=\"elementor-field elementor-size-md  elementor-field-textual\" placeholder=\"Email\" required=\"required\" aria-required=\"true\">\n\t\t\t\t\t\t\t\t\t\t\t<\/div>\n\t\t\t\t\t\t\t\t<div class=\"elementor-field-type-text elementor-field-group elementor-column elementor-field-group-field_85a7b4c elementor-col-100\">\n\t\t\t\t\t\t\t\t\t\t\t\t<label for=\"form-field-field_85a7b4c\" class=\"elementor-field-label elementor-screen-only\">\n\t\t\t\t\t\t\t\tTelefone\t\t\t\t\t\t\t<\/label>\n\t\t\t\t\t\t\t\t\t\t\t\t\t\t<input size=\"1\" type=\"text\" name=\"form_fields[field_85a7b4c]\" id=\"form-field-field_85a7b4c\" class=\"elementor-field elementor-size-md  elementor-field-textual\" placeholder=\"41 0000-0000\">\n\t\t\t\t\t\t\t\t\t\t\t<\/div>\n\t\t\t\t\t\t\t\t<div class=\"elementor-field-type-textarea elementor-field-group elementor-column elementor-field-group-message elementor-col-100\">\n\t\t\t\t\t<textarea class=\"elementor-field-textual elementor-field  elementor-size-md\" name=\"form_fields[message]\" id=\"form-field-message\" rows=\"4\" placeholder=\"Tenho interesse em visitar site de parceiro e receber indica\u00e7\u00e3o.\"><\/textarea>\t\t\t\t<\/div>\n\t\t\t\t\t\t\t\t<div class=\"elementor-field-group elementor-column elementor-field-type-submit elementor-col-100 e-form__buttons\">\n\t\t\t\t\t<button type=\"submit\" class=\"elementor-button elementor-size-sm elementor-animation-bob\">\n\t\t\t\t\t\t<span >\n\t\t\t\t\t\t\t\t\t\t\t\t\t\t\t<span class=\" elementor-button-icon\">\n\t\t\t\t\t\t\t\t\t<i class=\"fa fa-envelope\" aria-hidden=\"true\"><\/i>\t\t\t\t\t\t\t\t\t\t\t\t\t\t\t\t\t<\/span>\n\t\t\t\t\t\t\t\t\t\t\t\t\t\t\t\t\t\t\t\t\t\t<span class=\"elementor-button-text\">Enviar<\/span>\n\t\t\t\t\t\t\t\t\t\t\t\t\t<\/span>\n\t\t\t\t\t<\/button>\n\t\t\t\t<\/div>\n\t\t\t<\/div>\n\t\t<\/form>\n\t\t\t\t\t\t<\/div>\n\t\t\t\t<\/div>\n\t\t\t\t\t<\/div>\n\t\t<\/div>\n\t\t\t\t\t<\/div>\n\t\t<\/section>\n\t\t\t\t\t<\/div>\n\t\t<\/div>\n\t\t\t\t\t<\/div>\n\t\t<\/section>\n\t\t<div class=\"elementor-element elementor-element-e7ee0e2 e-grid e-con-boxed e-con e-parent\" data-id=\"e7ee0e2\" data-element_type=\"container\">\n\t\t\t\t\t<div class=\"e-con-inner\">\n\t\t\t\t<div class=\"elementor-element elementor-element-7bb71b5 de_scroll_animation_no elementor-widget elementor-widget-heading\" data-id=\"7bb71b5\" data-element_type=\"widget\" data-widget_type=\"heading.default\">\n\t\t\t\t<div class=\"elementor-widget-container\">\n\t\t\t\t\t<h3 class=\"elementor-heading-title elementor-size-default\">Uma amostra do trabalho de Bruna Carmezim<\/h3>\t\t\t\t<\/div>\n\t\t\t\t<\/div>\n\t\t\t\t\t<\/div>\n\t\t\t\t<\/div>\n\t\t<div class=\"elementor-element elementor-element-b0568ac e-grid e-con-boxed e-con e-parent\" data-id=\"b0568ac\" data-element_type=\"container\">\n\t\t\t\t\t<div class=\"e-con-inner\">\n\t\t\t\t<div class=\"elementor-element elementor-element-2df820e elementor-widget__width-inherit elementor-arrows-position-inside elementor-pagination-position-outside de_scroll_animation_no elementor-widget elementor-widget-image-carousel\" data-id=\"2df820e\" data-element_type=\"widget\" data-settings=\"{&quot;slides_to_show&quot;:&quot;1&quot;,&quot;navigation&quot;:&quot;both&quot;,&quot;autoplay&quot;:&quot;yes&quot;,&quot;pause_on_hover&quot;:&quot;yes&quot;,&quot;pause_on_interaction&quot;:&quot;yes&quot;,&quot;autoplay_speed&quot;:5000,&quot;infinite&quot;:&quot;yes&quot;,&quot;effect&quot;:&quot;slide&quot;,&quot;speed&quot;:500}\" data-widget_type=\"image-carousel.default\">\n\t\t\t\t<div class=\"elementor-widget-container\">\n\t\t\t\t\t\t\t<div class=\"elementor-image-carousel-wrapper swiper\" role=\"region\" aria-roledescription=\"carousel\" aria-label=\"Image Carousel\" dir=\"ltr\">\n\t\t\t<div class=\"elementor-image-carousel swiper-wrapper swiper-image-stretch\" aria-live=\"off\">\n\t\t\t\t\t\t\t\t<div class=\"swiper-slide\" role=\"group\" aria-roledescription=\"slide\" aria-label=\"1 of 3\"><figure class=\"swiper-slide-inner\"><img decoding=\"async\" class=\"swiper-slide-image\" src=\"https:\/\/bresconsultoria.com.br\/wp-content\/uploads\/2024\/08\/bres003.png\" alt=\"Bruna Carmezim\" \/><\/figure><\/div><div class=\"swiper-slide\" role=\"group\" aria-roledescription=\"slide\" aria-label=\"2 of 3\"><figure class=\"swiper-slide-inner\"><img decoding=\"async\" class=\"swiper-slide-image\" src=\"https:\/\/bresconsultoria.com.br\/wp-content\/uploads\/2024\/08\/bruna-carmezim.jpg\" alt=\"Bruna Carmezim\" \/><\/figure><\/div><div class=\"swiper-slide\" role=\"group\" aria-roledescription=\"slide\" aria-label=\"3 of 3\"><figure class=\"swiper-slide-inner\"><img decoding=\"async\" class=\"swiper-slide-image\" src=\"https:\/\/bresconsultoria.com.br\/wp-content\/uploads\/2024\/08\/bres004.png\" alt=\"Bruna Carmezim\" \/><\/figure><\/div>\t\t\t<\/div>\n\t\t\t\t\t\t\t\t\t\t\t\t<div class=\"elementor-swiper-button elementor-swiper-button-prev\" role=\"button\" tabindex=\"0\">\n\t\t\t\t\t\t<svg aria-hidden=\"true\" class=\"e-font-icon-svg e-eicon-chevron-left\" viewBox=\"0 0 1000 1000\" xmlns=\"http:\/\/www.w3.org\/2000\/svg\"><path d=\"M646 125C629 125 613 133 604 142L308 442C296 454 292 471 292 487 292 504 296 521 308 533L604 854C617 867 629 875 646 875 663 875 679 871 692 858 704 846 713 829 713 812 713 796 708 779 692 767L438 487 692 225C700 217 708 204 708 187 708 171 704 154 692 142 675 129 663 125 646 125Z\"><\/path><\/svg>\t\t\t\t\t<\/div>\n\t\t\t\t\t<div class=\"elementor-swiper-button elementor-swiper-button-next\" role=\"button\" tabindex=\"0\">\n\t\t\t\t\t\t<svg aria-hidden=\"true\" class=\"e-font-icon-svg e-eicon-chevron-right\" viewBox=\"0 0 1000 1000\" xmlns=\"http:\/\/www.w3.org\/2000\/svg\"><path d=\"M696 533C708 521 713 504 713 487 713 471 708 454 696 446L400 146C388 133 375 125 354 125 338 125 325 129 313 142 300 154 292 171 292 187 292 204 296 221 308 233L563 492 304 771C292 783 288 800 288 817 288 833 296 850 308 863 321 871 338 875 354 875 371 875 388 867 400 854L696 533Z\"><\/path><\/svg>\t\t\t\t\t<\/div>\n\t\t\t\t\n\t\t\t\t\t\t\t\t\t<div class=\"swiper-pagination\"><\/div>\n\t\t\t\t\t\t\t\t\t<\/div>\n\t\t\t\t\t\t<\/div>\n\t\t\t\t<\/div>\n\t\t\t\t\t<\/div>\n\t\t\t\t<\/div>\n\t\t\t\t<\/div>\n\t\t","protected":false},"excerpt":{"rendered":"<p>Indica\u00e7\u00e3o de parceiro &#8211; Bruna Carmezim Se desejar acessar o site de nosso parceiro. Preencha o cadastro abaixo, voc\u00ea receber\u00e1 uma indica\u00e7\u00e3o que veio pelo nosso site e parceria, sendo assim, voc\u00ea j\u00e1 receber\u00e1 mais benef\u00edcios em qualquer negocia\u00e7\u00e3o que venha a fazer. Uma amostra do trabalho de Bruna Carmezim<\/p>\n","protected":false},"author":1,"featured_media":0,"parent":0,"menu_order":0,"comment_status":"closed","ping_status":"closed","template":"","meta":{"footnotes":""},"aioseo_notices":[],"_links":{"self":[{"href":"https:\/\/bresconsultoria.com.br\/index.php?rest_route=\/wp\/v2\/pages\/813"}],"collection":[{"href":"https:\/\/bresconsultoria.com.br\/index.php?rest_route=\/wp\/v2\/pages"}],"about":[{"href":"https:\/\/bresconsultoria.com.br\/index.php?rest_route=\/wp\/v2\/types\/page"}],"author":[{"embeddable":true,"href":"https:\/\/bresconsultoria.com.br\/index.php?rest_route=\/wp\/v2\/users\/1"}],"replies":[{"embeddable":true,"href":"https:\/\/bresconsultoria.com.br\/index.php?rest_route=%2Fwp%2Fv2%2Fcomments&post=813"}],"version-history":[{"count":39,"href":"https:\/\/bresconsultoria.com.br\/index.php?rest_route=\/wp\/v2\/pages\/813\/revisions"}],"predecessor-version":[{"id":874,"href":"https:\/\/bresconsultoria.com.br\/index.php?rest_route=\/wp\/v2\/pages\/813\/revisions\/874"}],"wp:attachment":[{"href":"https:\/\/bresconsultoria.com.br\/index.php?rest_route=%2Fwp%2Fv2%2Fmedia&parent=813"}],"curies":[{"name":"wp","href":"https:\/\/api.w.org\/{rel}","templated":true}]}}